{"id":422,"date":"2020-08-11T17:19:59","date_gmt":"2020-08-11T15:19:59","guid":{"rendered":"https:\/\/chalupa-bella.cz\/en\/?page_id=422"},"modified":"2021-01-22T15:13:12","modified_gmt":"2021-01-22T14:13:12","slug":"contact","status":"publish","type":"page","link":"https:\/\/chalupa-bella.cz\/en\/contact\/","title":{"rendered":"contact"},"content":{"rendered":"<p>[et_pb_section fb_built=&#8221;1&#8243; custom_padding_last_edited=&#8221;on|tablet&#8221; _builder_version=&#8221;4.5.1&#8243; _module_preset=&#8221;default&#8221; custom_padding_tablet=&#8221;0px||0px||false|false&#8221; custom_padding_phone=&#8221;&#8221;][et_pb_row _builder_version=&#8221;4.5.1&#8243; _module_preset=&#8221;default&#8221; width=&#8221;70%&#8221; width_tablet=&#8221;85%&#8221; width_phone=&#8221;&#8221; width_last_edited=&#8221;on|tablet&#8221; max_width=&#8221;100%&#8221;][et_pb_column type=&#8221;4_4&#8243; _builder_version=&#8221;4.5.1&#8243; _module_preset=&#8221;default&#8221;][et_pb_text _builder_version=&#8221;4.5.1&#8243; _module_preset=&#8221;default&#8221; header_2_font=&#8221;|300|||||||&#8221; header_text_align_tablet=&#8221;center&#8221; header_text_align_phone=&#8221;&#8221; header_text_align_last_edited=&#8221;on|tablet&#8221;]<\/p>\n<h1>Contact<\/h1>\n<p>[\/et_pb_text][et_pb_text _builder_version=&#8221;4.5.1&#8243; _module_preset=&#8221;default&#8221; text_font=&#8221;|300|||||||&#8221; header_2_font=&#8221;|300|||||||&#8221; header_3_font=&#8221;|300|||||||&#8221; header_3_text_color=&#8221;#d5242b&#8221; header_3_font_size=&#8221;18px&#8221; header_4_font=&#8221;|300|||||||&#8221; header_4_text_color=&#8221;#d5242b&#8221; header_4_font_size=&#8221;16px&#8221; hover_enabled=&#8221;0&#8243; text_orientation_last_edited=&#8221;on|tablet&#8221; text_orientation_tablet=&#8221;justified&#8221;]<\/p>\n<h3><strong>Where to find Bella Cottage?<\/strong><\/h3>\n<p>The cottage is located on the outskirts of the town of \u017damberk (\u00dast\u00ed nad Orlic\u00ed district) on the route to the Orlice Mountains. It is about 155 km from Prague and 118 km from Brno. Approach roads are maintained in the winter months.<\/p>\n<h4>COMING FROM BRNO:<\/h4>\n<p>BRNO \u2013 SVITAVY \u2013 \u010cESK\u00c1 T\u0158EBOV\u00c1 \u2013 \u00daST\u00cd NAD ORLIC\u00cd \u2013 \u017dAMBERK square, take the Ostrava direction, the first turning on the left towards Kunvald and Kl\u00e1\u0161terec nad Orlic\u00ed, the last building on the left before the end of the town of \u017damberk is Bella Cottage.<\/p>\n<h4>COMING FROM PRAGUE:<\/h4>\n<p>PRAGUE \u2013 POD\u011aBRADY \u2013 HRADEC KR\u00c1LOV\u00c9 \u2013 KOSTELEC NAD ORLIC\u00cd \u2013 VAMBERK \u2013 \u017dAMBERK square, take the Ostrava direction, the first turning on the left towards Kunvald and Kl\u00e1\u0161terec nad Orlic\u00ed, the last building on the left before the end of the town of \u017damberk is Bella Cottage.<\/p>\n<h4>COMING FROM OSTRAVA:<\/h4>\n<p>OSTRAVA \u2013 OPAVA \u2013 BRUNT\u00c1L \u2013 \u0160UMPERK \u2013 JABLONN\u00c9 NAD ORLIC\u00cd (summer route) \u2013 KR\u00c1L\u00cdKY (winter route) \u2013 \u017dAMBERK, the first turning on the right towards Kunvald and Kl\u00e1\u0161terec nad Orlic\u00ed, the last building on the left before the end of the town of \u017damberk is Bella Cottage.<\/p>\n<h4>GPS:<\/h4>\n<p><strong>N 50\u00b005.460\u00b4<\/strong><br \/> <strong>E 016\u00b028.380\u00b4<\/strong><\/p>\n<p>Altitude: <strong>432 metres above sea level<\/strong><\/p>\n<p>[\/et_pb_text][\/et_pb_column][\/et_pb_row][\/et_pb_section][et_pb_section fb_built=&#8221;1&#8243; specialty=&#8221;on&#8221; _builder_version=&#8221;4.5.1&#8243; _module_preset=&#8221;default&#8221; background_color=&#8221;#3e3c3c&#8221; custom_margin=&#8221;||||false|false&#8221; custom_padding=&#8221;0px||0px||false|false&#8221; global_module=&#8221;759&#8243; saved_tabs=&#8221;all&#8221;][et_pb_column type=&#8221;1_2&#8243; specialty_columns=&#8221;2&#8243; _builder_version=&#8221;3.25&#8243; custom_padding=&#8221;|||&#8221; custom_padding__hover=&#8221;|||&#8221;][et_pb_row_inner _builder_version=&#8221;4.5.1&#8243; _module_preset=&#8221;default&#8221;][et_pb_column_inner saved_specialty_column_type=&#8221;1_2&#8243; _builder_version=&#8221;4.5.1&#8243; _module_preset=&#8221;default&#8221;][et_pb_text _builder_version=&#8221;4.5.1&#8243; _module_preset=&#8221;default&#8221; text_text_color=&#8221;#FFFFFF&#8221; header_2_text_color=&#8221;#FFFFFF&#8221; header_3_text_color=&#8221;#FFFFFF&#8221;]<\/p>\n<h3>Contact information<\/h3>\n<p>[\/et_pb_text][\/et_pb_column_inner][\/et_pb_row_inner][et_pb_row_inner column_structure=&#8221;1_2,1_2&#8243; _builder_version=&#8221;4.5.1&#8243; _module_preset=&#8221;default&#8221; custom_padding=&#8221;0px||||false|false&#8221;][et_pb_column_inner type=&#8221;1_2&#8243; saved_specialty_column_type=&#8221;1_2&#8243; _builder_version=&#8221;4.5.1&#8243; _module_preset=&#8221;default&#8221;][et_pb_text _builder_version=&#8221;4.5.1&#8243; _module_preset=&#8221;default&#8221; text_font=&#8221;|300|||||||&#8221; text_text_color=&#8221;#FFFFFF&#8221; custom_margin=&#8221;||||false|false&#8221; custom_padding=&#8221;|||5px|false|false&#8221; border_width_left=&#8221;1px&#8221; border_color_left=&#8221;#E02B20&#8243; border_style_left=&#8221;dotted&#8221;]<\/p>\n<p><strong>Chalupa Bella<\/strong><\/p>\n<p>Na Drah\u00e1ch 325, 564 01 \u017damberk<br \/> \u010cesk\u00e1 republika<\/p>\n<p><strong>Billing information<\/strong><br \/> Petr Kroul<br \/> Hlav\u00e1\u010dova 354\/69, 614 00 Brno<\/p>\n<p>IN: 662 78 431<br \/> TIN: CZ7705173388<\/p>\n<p>NP written since: 28.5.1997<br \/> EV-\u017dL: 361100-28822-01<\/p>\n<p>[\/et_pb_text][\/et_pb_column_inner][et_pb_column_inner type=&#8221;1_2&#8243; saved_specialty_column_type=&#8221;1_2&#8243; _builder_version=&#8221;4.5.1&#8243; _module_preset=&#8221;default&#8221;][et_pb_text _builder_version=&#8221;4.5.1&#8243; _module_preset=&#8221;default&#8221; text_font=&#8221;|300|||||||&#8221; text_text_color=&#8221;#FFFFFF&#8221; custom_margin=&#8221;||||false|false&#8221; custom_padding=&#8221;|||5px|false|false&#8221; border_width_left=&#8221;1px&#8221; border_color_left=&#8221;#E02B20&#8243; border_style_left=&#8221;dotted&#8221;]<strong>Ing. Petra Kroulov\u00e1<\/strong><br \/>\nreservation &amp; marketing<br \/>\nt:\u00a0<strong>+420 603 571 328<\/strong><br \/>\ne:\u00a0<strong>info@chalupa-bella.cz<\/strong><\/p>\n<p><strong>Petr Kroul<\/strong><br \/>\ninvoice contact<br \/>\nt:\u00a0<strong>+420 603 491 264<\/strong><br \/>\ne:\u00a0<strong>petr@kroul.cz<\/strong><\/p>\n<p><strong>Vladim\u00edr Pe\u0161ek<\/strong><br \/>\ntechnical contact &#8211; caretaker<br \/>\nt:\u00a0<strong>+420 721 743 311<\/strong><\/p>\n<p><strong>www.chalupa-bella.cz<\/strong>[\/et_pb_text][\/et_pb_column_inner][\/et_pb_row_inner][\/et_pb_column][et_pb_column type=&#8221;1_2&#8243; _builder_version=&#8221;3.25&#8243; custom_padding=&#8221;|||&#8221; custom_padding__hover=&#8221;|||&#8221;][et_pb_text _builder_version=&#8221;4.5.1&#8243; _module_preset=&#8221;default&#8221; header_3_text_color=&#8221;#FFFFFF&#8221;]<\/p>\n<h3>Where to find us?<\/h3>\n<p>[\/et_pb_text][dsm_embed_google_map address=&#8221;Chalupa Bella&#8221; zoom=&#8221;16&#8243; _builder_version=&#8221;4.5.1&#8243; _module_preset=&#8221;default&#8221;][\/dsm_embed_google_map][\/et_pb_column][\/et_pb_section]<\/p>\n","protected":false},"excerpt":{"rendered":"<p>ContactWhere to find Bella Cottage? The cottage is located on the outskirts of the town of \u017damberk (\u00dast\u00ed nad Orlic\u00ed district) on the route to the Orlice Mountains. It is about 155 km from Prague and 118 km from Brno. Approach roads are maintained in the winter months. COMING FROM BRNO: BRNO \u2013 SVITAVY \u2013 [&hellip;]<\/p>\n","protected":false},"author":1,"featured_media":0,"parent":0,"menu_order":0,"comment_status":"closed","ping_status":"closed","template":"","meta":{"_et_pb_use_builder":"on","_et_pb_old_content":"","_et_gb_content_width":"","footnotes":""},"_links":{"self":[{"href":"https:\/\/chalupa-bella.cz\/en\/wp-json\/wp\/v2\/pages\/422"}],"collection":[{"href":"https:\/\/chalupa-bella.cz\/en\/wp-json\/wp\/v2\/pages"}],"about":[{"href":"https:\/\/chalupa-bella.cz\/en\/wp-json\/wp\/v2\/types\/page"}],"author":[{"embeddable":true,"href":"https:\/\/chalupa-bella.cz\/en\/wp-json\/wp\/v2\/users\/1"}],"replies":[{"embeddable":true,"href":"https:\/\/chalupa-bella.cz\/en\/wp-json\/wp\/v2\/comments?post=422"}],"version-history":[{"count":7,"href":"https:\/\/chalupa-bella.cz\/en\/wp-json\/wp\/v2\/pages\/422\/revisions"}],"predecessor-version":[{"id":809,"href":"https:\/\/chalupa-bella.cz\/en\/wp-json\/wp\/v2\/pages\/422\/revisions\/809"}],"wp:attachment":[{"href":"https:\/\/chalupa-bella.cz\/en\/wp-json\/wp\/v2\/media?parent=422"}],"curies":[{"name":"wp","href":"https:\/\/api.w.org\/{rel}","templated":true}]}}