{"id":410,"date":"2020-08-11T17:10:54","date_gmt":"2020-08-11T15:10:54","guid":{"rendered":"https:\/\/chalupa-bella.cz\/en\/?page_id=410"},"modified":"2021-01-22T14:35:39","modified_gmt":"2021-01-22T13:35:39","slug":"gallery","status":"publish","type":"page","link":"https:\/\/chalupa-bella.cz\/en\/gallery\/","title":{"rendered":"gallery"},"content":{"rendered":"<p>[et_pb_section fb_built=&#8221;1&#8243; _builder_version=&#8221;4.5.1&#8243; _module_preset=&#8221;default&#8221; hover_enabled=&#8221;0&#8243; custom_padding_last_edited=&#8221;on|tablet&#8221; custom_padding_tablet=&#8221;0px||0px||false|false&#8221;][et_pb_row _builder_version=&#8221;4.5.1&#8243; _module_preset=&#8221;default&#8221; width=&#8221;70%&#8221; max_width=&#8221;100%&#8221; hover_enabled=&#8221;0&#8243; width_last_edited=&#8221;on|tablet&#8221; width_tablet=&#8221;85%&#8221;][et_pb_column type=&#8221;4_4&#8243; _builder_version=&#8221;4.5.1&#8243; _module_preset=&#8221;default&#8221;][et_pb_text _builder_version=&#8221;4.5.1&#8243; _module_preset=&#8221;default&#8221; header_2_font=&#8221;|300|||||||&#8221; hover_enabled=&#8221;0&#8243; header_text_align_last_edited=&#8221;on|tablet&#8221; header_text_align_tablet=&#8221;center&#8221;]<\/p>\n<h1>Gallery<\/h1>\n<p>[\/et_pb_text][et_pb_gallery gallery_ids=&#8221;414,154,157,87,88,89,90,91,92,93,94,95,96,97,98,66,67,68,69,70,71,72,73,199,202,203,206,208,210,211,214,216,218,220,222,224,226,227,230,232,234,236&#8243; posts_number=&#8221;43&#8243; show_title_and_caption=&#8221;off&#8221; show_pagination=&#8221;off&#8221; module_class=&#8221;galerie3-2&#8243; _builder_version=&#8221;4.5.1&#8243; _module_preset=&#8221;default&#8221; hover_enabled=&#8221;0&#8243; border_radii=&#8221;on|2px|2px|2px|2px&#8221; border_width_all=&#8221;2px&#8221; border_color_all=&#8221;#d5242b&#8221; module_alignment_last_edited=&#8221;on|tablet&#8221; module_alignment_tablet=&#8221;center&#8221; text_orientation_last_edited=&#8221;off|tablet&#8221; text_orientation_tablet=&#8221;center&#8221; caption_text_align_last_edited=&#8221;off|tablet&#8221; pagination_text_align_last_edited=&#8221;off|tablet&#8221; module_alignment_phone=&#8221;center&#8221;][\/et_pb_gallery][\/et_pb_column][\/et_pb_row][\/et_pb_section][et_pb_section fb_built=&#8221;1&#8243; specialty=&#8221;on&#8221; _builder_version=&#8221;4.5.1&#8243; _module_preset=&#8221;default&#8221; background_color=&#8221;#3e3c3c&#8221; custom_margin=&#8221;||||false|false&#8221; custom_padding=&#8221;0px||0px||false|false&#8221; global_module=&#8221;759&#8243; saved_tabs=&#8221;all&#8221;][et_pb_column type=&#8221;1_2&#8243; specialty_columns=&#8221;2&#8243; _builder_version=&#8221;3.25&#8243; custom_padding=&#8221;|||&#8221; custom_padding__hover=&#8221;|||&#8221;][et_pb_row_inner _builder_version=&#8221;4.5.1&#8243; _module_preset=&#8221;default&#8221;][et_pb_column_inner saved_specialty_column_type=&#8221;1_2&#8243; _builder_version=&#8221;4.5.1&#8243; _module_preset=&#8221;default&#8221;][et_pb_text _builder_version=&#8221;4.5.1&#8243; _module_preset=&#8221;default&#8221; text_text_color=&#8221;#FFFFFF&#8221; header_2_text_color=&#8221;#FFFFFF&#8221; header_3_text_color=&#8221;#FFFFFF&#8221;]<\/p>\n<h3>Contact information<\/h3>\n<p>[\/et_pb_text][\/et_pb_column_inner][\/et_pb_row_inner][et_pb_row_inner column_structure=&#8221;1_2,1_2&#8243; _builder_version=&#8221;4.5.1&#8243; _module_preset=&#8221;default&#8221; custom_padding=&#8221;0px||||false|false&#8221;][et_pb_column_inner type=&#8221;1_2&#8243; saved_specialty_column_type=&#8221;1_2&#8243; _builder_version=&#8221;4.5.1&#8243; _module_preset=&#8221;default&#8221;][et_pb_text _builder_version=&#8221;4.5.1&#8243; _module_preset=&#8221;default&#8221; text_font=&#8221;|300|||||||&#8221; text_text_color=&#8221;#FFFFFF&#8221; custom_margin=&#8221;||||false|false&#8221; custom_padding=&#8221;|||5px|false|false&#8221; border_width_left=&#8221;1px&#8221; border_color_left=&#8221;#E02B20&#8243; border_style_left=&#8221;dotted&#8221;]<\/p>\n<p><strong>Chalupa Bella<\/strong><\/p>\n<p>Na Drah\u00e1ch 325, 564 01 \u017damberk<br \/> \u010cesk\u00e1 republika<\/p>\n<p><strong>Billing information<\/strong><br \/> Petr Kroul<br \/> Hlav\u00e1\u010dova 354\/69, 614 00 Brno<\/p>\n<p>IN: 662 78 431<br \/> TIN: CZ7705173388<\/p>\n<p>NP written since: 28.5.1997<br \/> EV-\u017dL: 361100-28822-01<\/p>\n<p>[\/et_pb_text][\/et_pb_column_inner][et_pb_column_inner type=&#8221;1_2&#8243; saved_specialty_column_type=&#8221;1_2&#8243; _builder_version=&#8221;4.5.1&#8243; _module_preset=&#8221;default&#8221;][et_pb_text _builder_version=&#8221;4.5.1&#8243; _module_preset=&#8221;default&#8221; text_font=&#8221;|300|||||||&#8221; text_text_color=&#8221;#FFFFFF&#8221; custom_margin=&#8221;||||false|false&#8221; custom_padding=&#8221;|||5px|false|false&#8221; border_width_left=&#8221;1px&#8221; border_color_left=&#8221;#E02B20&#8243; border_style_left=&#8221;dotted&#8221;]<strong>Ing. Petra Kroulov\u00e1<\/strong><br \/>\nreservation &amp; marketing<br \/>\nt:\u00a0<strong>+420 603 571 328<\/strong><br \/>\ne:\u00a0<strong>info@chalupa-bella.cz<\/strong><\/p>\n<p><strong>Petr Kroul<\/strong><br \/>\ninvoice contact<br \/>\nt:\u00a0<strong>+420 603 491 264<\/strong><br \/>\ne:\u00a0<strong>petr@kroul.cz<\/strong><\/p>\n<p><strong>Vladim\u00edr Pe\u0161ek<\/strong><br \/>\ntechnical contact &#8211; caretaker<br \/>\nt:\u00a0<strong>+420 721 743 311<\/strong><\/p>\n<p><strong>www.chalupa-bella.cz<\/strong>[\/et_pb_text][\/et_pb_column_inner][\/et_pb_row_inner][\/et_pb_column][et_pb_column type=&#8221;1_2&#8243; _builder_version=&#8221;3.25&#8243; custom_padding=&#8221;|||&#8221; custom_padding__hover=&#8221;|||&#8221;][et_pb_text _builder_version=&#8221;4.5.1&#8243; _module_preset=&#8221;default&#8221; header_3_text_color=&#8221;#FFFFFF&#8221;]<\/p>\n<h3>Where to find us?<\/h3>\n<p>[\/et_pb_text][dsm_embed_google_map address=&#8221;Chalupa Bella&#8221; zoom=&#8221;16&#8243; _builder_version=&#8221;4.5.1&#8243; _module_preset=&#8221;default&#8221;][\/dsm_embed_google_map][\/et_pb_column][\/et_pb_section]<\/p>\n","protected":false},"excerpt":{"rendered":"<p>GalleryContact informationChalupa Bella Na Drah\u00e1ch 325, 564 01 \u017damberk \u010cesk\u00e1 republika Billing information Petr Kroul Hlav\u00e1\u010dova 354\/69, 614 00 Brno IN: 662 78 431 TIN: CZ7705173388 NP written since: 28.5.1997 EV-\u017dL: 361100-28822-01Ing. Petra Kroulov\u00e1 reservation &amp; marketing t:\u00a0+420 603 571 328 e:\u00a0info@chalupa-bella.cz Petr Kroul invoice contact t:\u00a0+420 603 491 264 e:\u00a0petr@kroul.cz Vladim\u00edr Pe\u0161ek technical contact [&hellip;]<\/p>\n","protected":false},"author":1,"featured_media":0,"parent":0,"menu_order":0,"comment_status":"closed","ping_status":"closed","template":"","meta":{"_et_pb_use_builder":"on","_et_pb_old_content":"","_et_gb_content_width":"","footnotes":""},"_links":{"self":[{"href":"https:\/\/chalupa-bella.cz\/en\/wp-json\/wp\/v2\/pages\/410"}],"collection":[{"href":"https:\/\/chalupa-bella.cz\/en\/wp-json\/wp\/v2\/pages"}],"about":[{"href":"https:\/\/chalupa-bella.cz\/en\/wp-json\/wp\/v2\/types\/page"}],"author":[{"embeddable":true,"href":"https:\/\/chalupa-bella.cz\/en\/wp-json\/wp\/v2\/users\/1"}],"replies":[{"embeddable":true,"href":"https:\/\/chalupa-bella.cz\/en\/wp-json\/wp\/v2\/comments?post=410"}],"version-history":[{"count":12,"href":"https:\/\/chalupa-bella.cz\/en\/wp-json\/wp\/v2\/pages\/410\/revisions"}],"predecessor-version":[{"id":801,"href":"https:\/\/chalupa-bella.cz\/en\/wp-json\/wp\/v2\/pages\/410\/revisions\/801"}],"wp:attachment":[{"href":"https:\/\/chalupa-bella.cz\/en\/wp-json\/wp\/v2\/media?parent=410"}],"curies":[{"name":"wp","href":"https:\/\/api.w.org\/{rel}","templated":true}]}}